{"id":13,"date":"2013-03-05T16:23:22","date_gmt":"2013-03-05T15:23:22","guid":{"rendered":"http:\/\/www.acialbano.com\/?page_id=13"},"modified":"2023-07-06T17:11:13","modified_gmt":"2023-07-06T15:11:13","slug":"aci-club","status":"publish","type":"page","link":"https:\/\/www.acialbano.com\/","title":{"rendered":"ACI Club"},"content":{"rendered":"<div class=\"row-fluid\">\n\t<div class=\"wpb_content_element span12 wpb_text_column\">\n\t\t<div class=\"wpb_wrapper\">\n\t\t\t\n<p style=\"text-align: justify;\">L\u2019ACI Albano \u00e8 parte integrante della realt\u00e0 di questa citt\u00e0 che la ha accompagnata con i suoi abitanti durante i loro spostamenti e ha seguito le evoluzioni e le modifiche che lo stile di vita ha avuto nell\u2019ultimo secolo, un secolo pieno di novit\u00e0 e di nuove necessit\u00e0 per tutti gli automobilisti e le persone che si muovono con un mezzo.Oggi l\u2019ACI Albano si affaccia attivamente in internet con il suo sito, confermando la sua tendenza a essere al fianco dei suoi soci in ogni momento.<\/p>\n<p style=\"text-align: justify;\">Il mondo che ci sta intorno comunica in modo sempre pi\u00f9 veloce e internet \u00e8 la strada pi\u00f9 comoda e veloce per poter scambiare o ricevere informazioni e consigli; il nuovo sito dell\u2019ACI Albano vuole essere un strumento semplice e utile per i soci, i quali potranno trovare, durante la navigazione, tutte quelle informazioni e i consigli del Club Italiano.<\/p>\n<p style=\"text-align: justify;\">Ogni giorno troverete sempre una persona dell\u2019Automobile Club in grado di dare una risposta alle vostre domande e in grado di accompagnarvi nel percorso a volte un p\u00f2 complesso delle attivit\u00e0 necessarie allo svolgimento delle pratiche automobilistiche, di consigliarvi al meglio per avere il vostro veicolo in efficienza, di permettervi di avere un parcheggio o un\u2019auto a vostra disposizione o di consigliarvi per le vostre vacanze!<\/p>\n\n\t\t<\/div> \n\t<\/div> <\/div> <div class=\"row-fluid\">\n\t<div class=\"wpb_tabs wpb_content_element span12\" data-interval=\"10\">\n\t\t<div class=\"wpb_wrapper wpb_tour_tabs_wrapper ui-tabs clearfix\">\n\t\t\t<ul class=\"clearfix ui-tabs-nav\"><\/ul>\n\n\t\t\t\n\t\t<\/div> \n\t<\/div> <\/div> \n\t\t\t<div id=\"tab-1365187038372-8-0\" class=\"wpb_tab ui-tabs-panel ui-tabs-hide clearfix\">\n\t\t\t\t <div class=\"row-fluid\">\n\t<div class=\"wpb_content_element span12 wpb_text_column\">\n\t\t<div class=\"wpb_wrapper\">\n\t\t\t\n<p style=\"text-align: left;\"><a href=\"http:\/\/www.acialbano.com\/?page_id=104\"><img data-recalc-dims=\"1\" loading=\"lazy\" decoding=\"async\" class=\"alignleft wp-image-521\" src=\"https:\/\/i0.wp.com\/www.acialbano.com\/wp-content\/uploads\/2023\/05\/CARTE_ACI.png?resize=235%2C108\" alt=\"Scopri i vantaggi!\" width=\"235\" height=\"108\" srcset=\"https:\/\/i0.wp.com\/www.acialbano.com\/wp-content\/uploads\/2023\/05\/CARTE_ACI.png?resize=300%2C138&amp;ssl=1 300w, https:\/\/i0.wp.com\/www.acialbano.com\/wp-content\/uploads\/2023\/05\/CARTE_ACI.png?resize=768%2C354&amp;ssl=1 768w, https:\/\/i0.wp.com\/www.acialbano.com\/wp-content\/uploads\/2023\/05\/CARTE_ACI.png?resize=390%2C180&amp;ssl=1 390w, https:\/\/i0.wp.com\/www.acialbano.com\/wp-content\/uploads\/2023\/05\/CARTE_ACI.png?w=985&amp;ssl=1 985w\" sizes=\"auto, (max-width: 235px) 100vw, 235px\" \/><\/a><\/p>\n<p style=\"text-align: justify;\"><span style=\"color: #333399;\"><strong>Le tessere Gold, Sistema e Club possono essere multifunzione.<\/strong><\/span><\/p>\n<p style=\"text-align: justify;\">Questo significa che &#8211; oltre ad assicurarti i tradizionali servizi di assistenza al veicolo, alla persona, alla casa; la tutela legale; i servizi turistici e d&#8217;informazione; l&#8217;ampio ventaglio di sconti del circuito Show your Card! &#8211;\u00a0 ti offrono un ulteriore vantaggio: la funzione di\u00a0carta bancaria prepagata ricaricabile.<\/p>\n<p style=\"text-align: justify;\">\n\n\t\t<\/div> \n\t<\/div> <\/div> \n\t\t\t<\/div>  \n\t\t\t<div id=\"tab-1365187038374-0-3\" class=\"wpb_tab ui-tabs-panel ui-tabs-hide clearfix\">\n\t\t\t\t\n\t\t\t<\/div>  <div class=\"row-fluid\">\n\t<div class=\"wpb_content_element span12 wpb_text_column\">\n\t\t<div class=\"wpb_wrapper\">\n\t\t\t\n\t\t<\/div> \n\t<\/div> <\/div>\n<p><a href=\"http:\/\/www.acialbano.com\/?page_id=15\"><img data-recalc-dims=\"1\" loading=\"lazy\" decoding=\"async\" class=\"alignleft wp-image-448\" src=\"https:\/\/i0.wp.com\/www.acialbano.com\/wp-content\/uploads\/2013\/03\/download1.jpg?resize=223%2C111\" alt=\"download\" width=\"223\" height=\"111\" srcset=\"https:\/\/i0.wp.com\/www.acialbano.com\/wp-content\/uploads\/2013\/03\/download1.jpg?w=318&amp;ssl=1 318w, https:\/\/i0.wp.com\/www.acialbano.com\/wp-content\/uploads\/2013\/03\/download1.jpg?resize=300%2C150&amp;ssl=1 300w\" sizes=\"auto, (max-width: 223px) 100vw, 223px\" \/><\/a><\/p>\n<p style=\"text-align: justify;\"><span style=\"color: #000080;\"><strong>Scopri i vantaggi di essere socio ACI<\/strong><\/span><\/p>\n<p style=\"text-align: justify;\">Sara Assicurazioni, Assicuratrice ufficiale dell\u2019Automobile Club d\u2019 Italia, \u00e8 una Compagnia innovativa ma di lunga tradizione, al tempo con le esigenze dei clienti ed in particolare dei Soci ACI.<\/p>\n","protected":false},"excerpt":{"rendered":"<p>Scopri i vantaggi di essere socio ACI Sara Assicurazioni, Assicuratrice ufficiale dell\u2019Automobile Club d\u2019 Italia, \u00e8 una Compagnia innovativa ma di lunga tradizione, al tempo con le esigenze dei clienti ed in particolare dei Soci ACI.<\/p>\n","protected":false},"author":1,"featured_media":0,"parent":0,"menu_order":1,"comment_status":"closed","ping_status":"closed","template":"","meta":{"jetpack_post_was_ever_published":false,"footnotes":""},"class_list":["post-13","page","type-page","status-publish","hentry"],"aioseo_notices":[],"jetpack_shortlink":"https:\/\/wp.me\/P3flpJ-d","jetpack_sharing_enabled":true,"_links":{"self":[{"href":"https:\/\/www.acialbano.com\/index.php?rest_route=\/wp\/v2\/pages\/13","targetHints":{"allow":["GET"]}}],"collection":[{"href":"https:\/\/www.acialbano.com\/index.php?rest_route=\/wp\/v2\/pages"}],"about":[{"href":"https:\/\/www.acialbano.com\/index.php?rest_route=\/wp\/v2\/types\/page"}],"author":[{"embeddable":true,"href":"https:\/\/www.acialbano.com\/index.php?rest_route=\/wp\/v2\/users\/1"}],"replies":[{"embeddable":true,"href":"https:\/\/www.acialbano.com\/index.php?rest_route=%2Fwp%2Fv2%2Fcomments&post=13"}],"version-history":[{"count":5,"href":"https:\/\/www.acialbano.com\/index.php?rest_route=\/wp\/v2\/pages\/13\/revisions"}],"predecessor-version":[{"id":539,"href":"https:\/\/www.acialbano.com\/index.php?rest_route=\/wp\/v2\/pages\/13\/revisions\/539"}],"wp:attachment":[{"href":"https:\/\/www.acialbano.com\/index.php?rest_route=%2Fwp%2Fv2%2Fmedia&parent=13"}],"curies":[{"name":"wp","href":"https:\/\/api.w.org\/{rel}","templated":true}]}}